{"id":137,"date":"2017-12-07T11:46:08","date_gmt":"2017-12-07T10:46:08","guid":{"rendered":"https:\/\/obserwatorium-cta.pl\/?page_id=137"},"modified":"2018-03-12T21:10:09","modified_gmt":"2018-03-12T20:10:09","slug":"zwierciadla-kompozytowe","status":"publish","type":"page","link":"https:\/\/obserwatorium-cta.pl\/?page_id=137","title":{"rendered":"Zwierciad\u0142a kompozytowe"},"content":{"rendered":"<p><strong>Zwierciad\u0142a kompozytowe szklano-aluminiowe do \u015bredniego teleskopu MST :<\/strong><\/p>\n<p>Opracowana w IFJ PAN nowa, oryginalna technologia wykonania takich zwierciade\u0142, wraz z seria pr\u00f3bna produktu przesz\u0142a z powodzeniem mi\u0119dzynarodowe testy w o\u015brodkach w Niemczech i we Francji. Zwierciad\u0142a by\u0142y testowane w warunkach naturalnych &#8211; zainstalowano je na prototypie teleskopu MST w DESY pod Berlinem. W wielu z przeprowadzonych test\u00f3w polskie zwierciad\u0142a wykazuj\u0105 wy\u017cszo\u015b\u0107 nad konkurencyjnymi produktami zespo\u0142\u00f3w z Francji czy W\u0142och.<\/p>\n<p>Rozwa\u017cane s\u0105 r\u00f3\u017cne warianty produkcji tych zwierciade\u0142 uzale\u017cniona od optymalizacji koszt\u00f3w ich produkcji.<\/p>\n","protected":false},"excerpt":{"rendered":"<p>Zwierciad\u0142a kompozytowe szklano-aluminiowe do \u015bredniego teleskopu MST : Opracowana w IFJ PAN nowa, oryginalna technologia wykonania takich zwierciade\u0142, wraz z seria pr\u00f3bna produktu przesz\u0142a z powodzeniem mi\u0119dzynarodowe testy w o\u015brodkach w Niemczech i we Francji. Zwierciad\u0142a by\u0142y testowane w warunkach &hellip; <a href=\"https:\/\/obserwatorium-cta.pl\/?page_id=137\">Czytaj dalej <span class=\"meta-nav\">&rarr;<\/span><\/a><\/p>\n","protected":false},"author":2,"featured_media":0,"parent":30,"menu_order":1,"comment_status":"closed","ping_status":"closed","template":"","meta":{"footnotes":""},"class_list":["post-137","page","type-page","status-publish","hentry"],"_links":{"self":[{"href":"https:\/\/obserwatorium-cta.pl\/index.php?rest_route=\/wp\/v2\/pages\/137","targetHints":{"allow":["GET"]}}],"collection":[{"href":"https:\/\/obserwatorium-cta.pl\/index.php?rest_route=\/wp\/v2\/pages"}],"about":[{"href":"https:\/\/obserwatorium-cta.pl\/index.php?rest_route=\/wp\/v2\/types\/page"}],"author":[{"embeddable":true,"href":"https:\/\/obserwatorium-cta.pl\/index.php?rest_route=\/wp\/v2\/users\/2"}],"replies":[{"embeddable":true,"href":"https:\/\/obserwatorium-cta.pl\/index.php?rest_route=%2Fwp%2Fv2%2Fcomments&post=137"}],"version-history":[{"count":5,"href":"https:\/\/obserwatorium-cta.pl\/index.php?rest_route=\/wp\/v2\/pages\/137\/revisions"}],"predecessor-version":[{"id":306,"href":"https:\/\/obserwatorium-cta.pl\/index.php?rest_route=\/wp\/v2\/pages\/137\/revisions\/306"}],"up":[{"embeddable":true,"href":"https:\/\/obserwatorium-cta.pl\/index.php?rest_route=\/wp\/v2\/pages\/30"}],"wp:attachment":[{"href":"https:\/\/obserwatorium-cta.pl\/index.php?rest_route=%2Fwp%2Fv2%2Fmedia&parent=137"}],"curies":[{"name":"wp","href":"https:\/\/api.w.org\/{rel}","templated":true}]}}