{"id":27,"date":"2017-10-19T12:29:46","date_gmt":"2017-10-19T12:29:46","guid":{"rendered":"https:\/\/obserwatorium-cta.pl\/?page_id=27"},"modified":"2018-03-12T20:55:52","modified_gmt":"2018-03-12T19:55:52","slug":"projekt-cta","status":"publish","type":"page","link":"https:\/\/obserwatorium-cta.pl\/?page_id=27","title":{"rendered":"Projekt CTA"},"content":{"rendered":"<p><b>Cherenkov Telescope Array<\/b>\u00a0(w skr\u00f3cie CTA) \u2013 mi\u0119dzynarodowy projekt budowy naziemnych <a title=\"Obserwatorium astronomiczne\" href=\"https:\/\/pl.wikipedia.org\/wiki\/Obserwatorium_astronomiczne\">obserwatori\u00f3w astronomicznych<\/a>, przeznaczonych do bada\u0144 wysokoenergetycznego\u00a0<a title=\"Promieniowanie gamma\" href=\"https:\/\/pl.wikipedia.org\/wiki\/Promieniowanie_gamma\">promieniowania gamma<\/a>\u00a0za pomoc\u0105 techniki obrazowania atmosferycznych b\u0142ysk\u00f3w\u00a0<a title=\"Promieniowanie Czerenkowa\" href=\"https:\/\/pl.wikipedia.org\/wiki\/Promieniowanie_Czerenkowa\">promieniowania Czerenkowa<\/a>. Planowane s\u0105 dwa obserwatoria, po jednym na ka\u017cdej p\u00f3\u0142kuli Ziemi, a w sk\u0142ad ka\u017cdego wejdzie kilkadziesi\u0105t zsynchronizowanych ze sob\u0105 wielkich\u00a0<a title=\"Teleskop optyczny\" href=\"https:\/\/pl.wikipedia.org\/wiki\/Teleskop_optyczny\">teleskop\u00f3w optycznych<\/a>. Rejestrowane przez nie b\u0142yski niebieskiego \u015bwiat\u0142a pozwol\u0105 uzyskiwa\u0107 informacje o\u00a0<a title=\"Promieniowanie gamma\" href=\"https:\/\/pl.wikipedia.org\/wiki\/Promieniowanie_gamma\">promieniowaniu gamma<\/a>\u00a0w zakresie energii od 20 G<a title=\"Elektronowolt\" href=\"https:\/\/pl.wikipedia.org\/wiki\/Elektronowolt\">eV<\/a>\u00a0do ponad 300 TeV.<\/p>\n<p>Budowa obserwatori\u00f3w planowana jest na lata 2014-2020. Obecnie (koniec 2017 roku) projekt CTA jest na etapie testowania\u00a0<a title=\"Prototyp\" href=\"https:\/\/pl.wikipedia.org\/wiki\/Prototyp\">prototyp\u00f3w<\/a>\u00a0teleskop\u00f3w.<\/p>\n<p>Konsorcjum CTA zrzesza 1350 cz\u0142onk\u00f3w z 210 instytut\u00f3w w 32 krajach. Ta grupa instytucji jest obecnie odpowiedzialna za wytyczanie cel\u00f3w naukowych obserwatorium i uczestniczy w projektowaniu i dostarczaniu jego komponent\u00f3w (jako wk\u0142ad niepieni\u0119\u017cny). Jej wewn\u0119trzna w\u0142adza, Rada Konsorcjum sk\u0142ada si\u0119 przedstawicieli ka\u017cdego z instytut\u00f3w Konsorcjum CTA i jest odpowiedzialna za zatwierdzanie za wszystkimi wa\u017cniejszych decyzji dotycz\u0105cych Konsorcjum. Biuro Rzecznik\u00f3w i Publikacji (SAPO) odpowiada za recenzowanie wszystkich publikacji CTA i tre\u015bci merytorycznych konferencji (tj. streszcze\u0144, wyst\u0105pie\u0144 oraz publikacji pokonferencyjnych). Aktualn\u0105 list\u0119 instytucji cz\u0142onkowskich i kraj\u00f3w podaje strona\u00a0<a href=\"https:\/\/www.cta-observatory.org\/about\/cta-consortium\/\" target=\"_blank\" rel=\"noopener\">Konsorcjum CTA<\/a>.<\/p>\n<p>&nbsp;<\/p>\n<p>&nbsp;<\/p>\n","protected":false},"excerpt":{"rendered":"<p>Cherenkov Telescope Array\u00a0(w skr\u00f3cie CTA) \u2013 mi\u0119dzynarodowy projekt budowy naziemnych obserwatori\u00f3w astronomicznych, przeznaczonych do bada\u0144 wysokoenergetycznego\u00a0promieniowania gamma\u00a0za pomoc\u0105 techniki obrazowania atmosferycznych b\u0142ysk\u00f3w\u00a0promieniowania Czerenkowa. Planowane s\u0105 dwa obserwatoria, po jednym na ka\u017cdej p\u00f3\u0142kuli Ziemi, a w sk\u0142ad ka\u017cdego wejdzie kilkadziesi\u0105t zsynchronizowanych &hellip; <a href=\"https:\/\/obserwatorium-cta.pl\/?page_id=27\">Czytaj dalej <span class=\"meta-nav\">&rarr;<\/span><\/a><\/p>\n","protected":false},"author":1,"featured_media":0,"parent":0,"menu_order":0,"comment_status":"closed","ping_status":"closed","template":"","meta":{"footnotes":""},"class_list":["post-27","page","type-page","status-publish","hentry"],"_links":{"self":[{"href":"https:\/\/obserwatorium-cta.pl\/index.php?rest_route=\/wp\/v2\/pages\/27","targetHints":{"allow":["GET"]}}],"collection":[{"href":"https:\/\/obserwatorium-cta.pl\/index.php?rest_route=\/wp\/v2\/pages"}],"about":[{"href":"https:\/\/obserwatorium-cta.pl\/index.php?rest_route=\/wp\/v2\/types\/page"}],"author":[{"embeddable":true,"href":"https:\/\/obserwatorium-cta.pl\/index.php?rest_route=\/wp\/v2\/users\/1"}],"replies":[{"embeddable":true,"href":"https:\/\/obserwatorium-cta.pl\/index.php?rest_route=%2Fwp%2Fv2%2Fcomments&post=27"}],"version-history":[{"count":8,"href":"https:\/\/obserwatorium-cta.pl\/index.php?rest_route=\/wp\/v2\/pages\/27\/revisions"}],"predecessor-version":[{"id":298,"href":"https:\/\/obserwatorium-cta.pl\/index.php?rest_route=\/wp\/v2\/pages\/27\/revisions\/298"}],"wp:attachment":[{"href":"https:\/\/obserwatorium-cta.pl\/index.php?rest_route=%2Fwp%2Fv2%2Fmedia&parent=27"}],"curies":[{"name":"wp","href":"https:\/\/api.w.org\/{rel}","templated":true}]}}