{"id":275,"date":"2018-03-12T20:38:50","date_gmt":"2018-03-12T19:38:50","guid":{"rendered":"https:\/\/obserwatorium-cta.pl\/?page_id=275"},"modified":"2018-03-12T21:20:16","modified_gmt":"2018-03-12T20:20:16","slug":"oprogramowanie-cta-science-gateway","status":"publish","type":"page","link":"https:\/\/obserwatorium-cta.pl\/?page_id=275","title":{"rendered":"Oprogramowanie CTA Science Gateway"},"content":{"rendered":"<p>Zesp\u00f3\u0142 ACK Cyfronet AGH przygotowuje kompleksowy system informatyczny o nazwie CTA Science Gateway &#8211; pierwsze prototypy by\u0142y rozwijane od roku 2014. ACK Cyfronet AGH ma bogate do\u015bwiadczenia z pracy w konsorcjach zajmuj\u0105cych si\u0119 infrastruktura badawcza takich jak: PLGrid, Synchrotron, EGI, EPOSS, ESS.<\/p>\n<p>Kompleksowa struktura informatyczna CTA Science Gateway jest obecnie jednym z g\u0142\u00f3wnych narz\u0119dzi wykorzystanych w systemie wsp\u00f3\u0142pracy CTA. Po rozbudowie do wersji integruj\u0105cej szereg funkcji rozwijanych w poszczeg\u00f3lnych o\u015brodkach, oprogramowanie CTA Science Gateway mo\u017ce by\u0107 doskona\u0142ym narz\u0119dziem dla docelowego obserwatorium CTA.<\/p>\n<p>W za\u0142o\u017ceniu, zintegrowany portal Science Gateway ma dzia\u0142a\u0107 na zasadzie wirtualnego laboratorium i zapewnia\u0107 p\u0142ynno\u015b\u0107 wsp\u00f3\u0142pracy bez konieczno\u015bci przyjazdu naukowc\u00f3w z poszczeg\u00f3lnych jednostek na miejsce obserwacji.<\/p>\n<div id=\"attachment_310\" style=\"width: 910px\" class=\"wp-caption aligncenter\"><img loading=\"lazy\" decoding=\"async\" aria-describedby=\"caption-attachment-310\" class=\"wp-image-310 size-full\" src=\"https:\/\/obserwatorium-cta.pl\/wp-content\/uploads\/2018\/03\/AGH_HalaMaszyn_4.jpg\" alt=\"\" width=\"900\" height=\"678\" srcset=\"https:\/\/obserwatorium-cta.pl\/wp-content\/uploads\/2018\/03\/AGH_HalaMaszyn_4.jpg 900w, https:\/\/obserwatorium-cta.pl\/wp-content\/uploads\/2018\/03\/AGH_HalaMaszyn_4-300x226.jpg 300w, https:\/\/obserwatorium-cta.pl\/wp-content\/uploads\/2018\/03\/AGH_HalaMaszyn_4-768x579.jpg 768w, https:\/\/obserwatorium-cta.pl\/wp-content\/uploads\/2018\/03\/AGH_HalaMaszyn_4-398x300.jpg 398w\" sizes=\"auto, (max-width: 900px) 100vw, 900px\" \/><p id=\"caption-attachment-310\" class=\"wp-caption-text\">Hala Maszyn ACK Cyfronet AGH w Krakowie \u00a9 Akadamickie Centrum Komputerowe CYFRONET AGH<\/p><\/div>\n","protected":false},"excerpt":{"rendered":"<p>Zesp\u00f3\u0142 ACK Cyfronet AGH przygotowuje kompleksowy system informatyczny o nazwie CTA Science Gateway &#8211; pierwsze prototypy by\u0142y rozwijane od roku 2014. ACK Cyfronet AGH ma bogate do\u015bwiadczenia z pracy w konsorcjach zajmuj\u0105cych si\u0119 infrastruktura badawcza takich jak: PLGrid, Synchrotron, EGI, &hellip; <a href=\"https:\/\/obserwatorium-cta.pl\/?page_id=275\">Czytaj dalej <span class=\"meta-nav\">&rarr;<\/span><\/a><\/p>\n","protected":false},"author":2,"featured_media":0,"parent":30,"menu_order":0,"comment_status":"closed","ping_status":"closed","template":"","meta":{"footnotes":""},"class_list":["post-275","page","type-page","status-publish","hentry"],"_links":{"self":[{"href":"https:\/\/obserwatorium-cta.pl\/index.php?rest_route=\/wp\/v2\/pages\/275","targetHints":{"allow":["GET"]}}],"collection":[{"href":"https:\/\/obserwatorium-cta.pl\/index.php?rest_route=\/wp\/v2\/pages"}],"about":[{"href":"https:\/\/obserwatorium-cta.pl\/index.php?rest_route=\/wp\/v2\/types\/page"}],"author":[{"embeddable":true,"href":"https:\/\/obserwatorium-cta.pl\/index.php?rest_route=\/wp\/v2\/users\/2"}],"replies":[{"embeddable":true,"href":"https:\/\/obserwatorium-cta.pl\/index.php?rest_route=%2Fwp%2Fv2%2Fcomments&post=275"}],"version-history":[{"count":3,"href":"https:\/\/obserwatorium-cta.pl\/index.php?rest_route=\/wp\/v2\/pages\/275\/revisions"}],"predecessor-version":[{"id":311,"href":"https:\/\/obserwatorium-cta.pl\/index.php?rest_route=\/wp\/v2\/pages\/275\/revisions\/311"}],"up":[{"embeddable":true,"href":"https:\/\/obserwatorium-cta.pl\/index.php?rest_route=\/wp\/v2\/pages\/30"}],"wp:attachment":[{"href":"https:\/\/obserwatorium-cta.pl\/index.php?rest_route=%2Fwp%2Fv2%2Fmedia&parent=275"}],"curies":[{"name":"wp","href":"https:\/\/api.w.org\/{rel}","templated":true}]}}