{"id":280,"date":"2018-03-12T20:43:38","date_gmt":"2018-03-12T19:43:38","guid":{"rendered":"https:\/\/obserwatorium-cta.pl\/?page_id=280"},"modified":"2018-03-12T21:50:38","modified_gmt":"2018-03-12T20:50:38","slug":"280-2","status":"publish","type":"page","link":"https:\/\/obserwatorium-cta.pl\/?page_id=280","title":{"rendered":"Inne prace"},"content":{"rendered":"<p>Polski udzia\u0142 zaznaczy\u0142 si\u0119 r\u00f3wnie\u017c w innych pracach aparaturowych i informatycznych.<\/p>\n<p>Specjali\u015bci z Uniwersytetu Jagiello\u0144skiego, Akademii G\u00f3rniczo-Hutniczej, Instututu Fizyki J\u0105drowej PAN oraz z Uniwersytetu \u0141\u00f3dzkiego mieli sw\u00f3j wk\u0142ad w:<\/p>\n<ul>\n<li>pracach nad &#8222;triggerem&#8221; do kamery FlashCAM dla \u015bredniego teleskopu MST. Wykorzystana elektronika jest oparta o szybkie przetworniki ADC (flash),<\/li>\n<li>pracach nad projektem \u0142\u0105cznik\u00f3w dla rur z w\u0142\u00f3kien w\u0119glowych oraz nad oprogramowaniem dla wielkiego teleskopu LST,<\/li>\n<li>a tak\u017ce, niewielki wk\u0142ad w projekt ameryka\u0144skiego teleskopu dwuzwierciadlowego.<\/li>\n<\/ul>\n<div id=\"attachment_314\" style=\"width: 908px\" class=\"wp-caption aligncenter\"><img loading=\"lazy\" decoding=\"async\" aria-describedby=\"caption-attachment-314\" class=\"wp-image-314 size-full\" src=\"https:\/\/obserwatorium-cta.pl\/wp-content\/uploads\/2018\/03\/FlashCAM_cta32.jpg\" alt=\"\" width=\"898\" height=\"768\" srcset=\"https:\/\/obserwatorium-cta.pl\/wp-content\/uploads\/2018\/03\/FlashCAM_cta32.jpg 898w, https:\/\/obserwatorium-cta.pl\/wp-content\/uploads\/2018\/03\/FlashCAM_cta32-300x257.jpg 300w, https:\/\/obserwatorium-cta.pl\/wp-content\/uploads\/2018\/03\/FlashCAM_cta32-768x657.jpg 768w, https:\/\/obserwatorium-cta.pl\/wp-content\/uploads\/2018\/03\/FlashCAM_cta32-351x300.jpg 351w\" sizes=\"auto, (max-width: 898px) 100vw, 898px\" \/><p id=\"caption-attachment-314\" class=\"wp-caption-text\">Kamera FlashCAM przy kt\u00f3rej elementach pracowali Polscy in\u017cynierowie. \u24b8 CTA Collaboration<\/p><\/div>\n","protected":false},"excerpt":{"rendered":"<p>Polski udzia\u0142 zaznaczy\u0142 si\u0119 r\u00f3wnie\u017c w innych pracach aparaturowych i informatycznych. Specjali\u015bci z Uniwersytetu Jagiello\u0144skiego, Akademii G\u00f3rniczo-Hutniczej, Instututu Fizyki J\u0105drowej PAN oraz z Uniwersytetu \u0141\u00f3dzkiego mieli sw\u00f3j wk\u0142ad w: pracach nad &#8222;triggerem&#8221; do kamery FlashCAM dla \u015bredniego teleskopu MST. Wykorzystana &hellip; <a href=\"https:\/\/obserwatorium-cta.pl\/?page_id=280\">Czytaj dalej <span class=\"meta-nav\">&rarr;<\/span><\/a><\/p>\n","protected":false},"author":2,"featured_media":0,"parent":0,"menu_order":0,"comment_status":"closed","ping_status":"closed","template":"","meta":{"footnotes":""},"class_list":["post-280","page","type-page","status-publish","hentry"],"_links":{"self":[{"href":"https:\/\/obserwatorium-cta.pl\/index.php?rest_route=\/wp\/v2\/pages\/280","targetHints":{"allow":["GET"]}}],"collection":[{"href":"https:\/\/obserwatorium-cta.pl\/index.php?rest_route=\/wp\/v2\/pages"}],"about":[{"href":"https:\/\/obserwatorium-cta.pl\/index.php?rest_route=\/wp\/v2\/types\/page"}],"author":[{"embeddable":true,"href":"https:\/\/obserwatorium-cta.pl\/index.php?rest_route=\/wp\/v2\/users\/2"}],"replies":[{"embeddable":true,"href":"https:\/\/obserwatorium-cta.pl\/index.php?rest_route=%2Fwp%2Fv2%2Fcomments&post=280"}],"version-history":[{"count":6,"href":"https:\/\/obserwatorium-cta.pl\/index.php?rest_route=\/wp\/v2\/pages\/280\/revisions"}],"predecessor-version":[{"id":316,"href":"https:\/\/obserwatorium-cta.pl\/index.php?rest_route=\/wp\/v2\/pages\/280\/revisions\/316"}],"wp:attachment":[{"href":"https:\/\/obserwatorium-cta.pl\/index.php?rest_route=%2Fwp%2Fv2%2Fmedia&parent=280"}],"curies":[{"name":"wp","href":"https:\/\/api.w.org\/{rel}","templated":true}]}}