{"id":287,"date":"2018-03-12T20:48:17","date_gmt":"2018-03-12T19:48:17","guid":{"rendered":"https:\/\/obserwatorium-cta.pl\/?page_id=287"},"modified":"2018-03-12T20:48:17","modified_gmt":"2018-03-12T19:48:17","slug":"opracowanie-programu-naukowego-cta","status":"publish","type":"page","link":"https:\/\/obserwatorium-cta.pl\/?page_id=287","title":{"rendered":"Opracowanie programu naukowego CTA"},"content":{"rendered":"<p>W pracach programu CTA Key Science Project brali udzia\u0142 badacze z wi\u0119kszo\u015bci instytucji naukowych Polskiego Konsorcjum CTA. Przewodnicz\u0105cym mi\u0119dzynarodowej komisji CTA Key Science Project Review Committee by\u0142 prof. Micha\u0142 Ostrowski (Uniwersytet Jagiello\u0144ski). Rol\u0105 gremium by\u0142a ocena programu i wypracowanie dla niego ostatecznej formy.<\/p>\n<p>Opr\u00f3cz prof. Ostrowskiego, znacz\u0105cy udzia\u0142 w programie mieli: prof. Bronis\u0142aw Rudak (Centrum Astronomiczne im. M. Kopernika PAN), dr hab. Sabrina Casanova, dr. Micha\u0142 Dyrda (obaj z Instytutu Fizyki J\u0105drowej PAN) oraz dr hab. \u0141ukasz Stawarz (Uniwersytet Jagiello\u0144ski). Ich wk\u0142ad polega\u0142 g\u0142\u00f3wnie na kierowaniu grupami roboczymi oraz na przygotowaniu cz\u0119\u015bci z g\u0142\u00f3wnych dokument\u00f3w i publikacji.<\/p>\n","protected":false},"excerpt":{"rendered":"<p>W pracach programu CTA Key Science Project brali udzia\u0142 badacze z wi\u0119kszo\u015bci instytucji naukowych Polskiego Konsorcjum CTA. Przewodnicz\u0105cym mi\u0119dzynarodowej komisji CTA Key Science Project Review Committee by\u0142 prof. Micha\u0142 Ostrowski (Uniwersytet Jagiello\u0144ski). Rol\u0105 gremium by\u0142a ocena programu i wypracowanie dla &hellip; <a href=\"https:\/\/obserwatorium-cta.pl\/?page_id=287\">Czytaj dalej <span class=\"meta-nav\">&rarr;<\/span><\/a><\/p>\n","protected":false},"author":2,"featured_media":0,"parent":0,"menu_order":0,"comment_status":"closed","ping_status":"closed","template":"","meta":{"footnotes":""},"class_list":["post-287","page","type-page","status-publish","hentry"],"_links":{"self":[{"href":"https:\/\/obserwatorium-cta.pl\/index.php?rest_route=\/wp\/v2\/pages\/287","targetHints":{"allow":["GET"]}}],"collection":[{"href":"https:\/\/obserwatorium-cta.pl\/index.php?rest_route=\/wp\/v2\/pages"}],"about":[{"href":"https:\/\/obserwatorium-cta.pl\/index.php?rest_route=\/wp\/v2\/types\/page"}],"author":[{"embeddable":true,"href":"https:\/\/obserwatorium-cta.pl\/index.php?rest_route=\/wp\/v2\/users\/2"}],"replies":[{"embeddable":true,"href":"https:\/\/obserwatorium-cta.pl\/index.php?rest_route=%2Fwp%2Fv2%2Fcomments&post=287"}],"version-history":[{"count":1,"href":"https:\/\/obserwatorium-cta.pl\/index.php?rest_route=\/wp\/v2\/pages\/287\/revisions"}],"predecessor-version":[{"id":289,"href":"https:\/\/obserwatorium-cta.pl\/index.php?rest_route=\/wp\/v2\/pages\/287\/revisions\/289"}],"wp:attachment":[{"href":"https:\/\/obserwatorium-cta.pl\/index.php?rest_route=%2Fwp%2Fv2%2Fmedia&parent=287"}],"curies":[{"name":"wp","href":"https:\/\/api.w.org\/{rel}","templated":true}]}}