{"id":29,"date":"2017-10-19T12:29:46","date_gmt":"2017-10-19T12:29:46","guid":{"rendered":"https:\/\/obserwatorium-cta.pl\/?page_id=29"},"modified":"2018-03-12T20:57:31","modified_gmt":"2018-03-12T19:57:31","slug":"konstrukcja-teleskopow","status":"publish","type":"page","link":"https:\/\/obserwatorium-cta.pl\/?page_id=29","title":{"rendered":"Konstrukcja teleskop\u00f3w"},"content":{"rendered":"<p>Ma\u0142e teleskopy (SST) konstruowane s\u0105 do bada\u0144 w szerokim zakresie energii mi\u0119dzy kilka a 300 TeV. B\u0119d\u0105 one najliczniejsze i b\u0119d\u0105 rozci\u0105ga\u0107 si\u0119 w obserwatorium po\u0142udniowym na obszarze kilku kilometr\u00f3w kwadratowych. Trzy realizacje ma\u0142ego teleskopu Czerenkowa s\u0105 obecnie prototypowane i testowane.<\/p>\n<p>Zesp\u00f3\u0142 \u015brednich teleskop\u00f3w (MST) to si\u0142a nap\u0119dowa obserwatorium CTA. Ich czu\u0142o\u015b\u0107 znajduje si\u0119 kluczowym dla CTA zakresie energii mi\u0119dzy 100 GeV a 10 TeV. Du\u017ce pole widzenia (7-8 stopni) pozwoli MST na bardzo efektywne badania promieniowania gamma. Planowana jest budowa 40. \u015brednich teleskop\u00f3w z czego 25 z nich znajdzie si\u0119 w obserwatorium na p\u00f3\u0142kuli po\u0142udniowej, za\u015b 15 na p\u00f3\u0142kuli p\u00f3\u0142nocnej.<\/p>\n<p>Du\u017ce teleskopy (LST) b\u0119d\u0105 umieszczone po\u015brodku obserwatori\u00f3w na p\u00f3\u0142nocnej, jak i na po\u0142udniowej p\u00f3\u0142kuli. Teleskopy te zostan\u0105 u\u017cyte do pokrycia, unikalnego dla obserwatorium CTA, zakresu energii pomi\u0119dzy 20 a 200 GeV. Mimo masy 100 ton, ich konstrukcja zapewni mobilno\u015b\u0107, kt\u00f3ra pozwoli na nakierowanie obserwacji na cel w ci\u0105gu zaledwie 20 sekund.<\/p>\n<p>&nbsp;<\/p>\n<div id=\"attachment_93\" style=\"width: 850px\" class=\"wp-caption aligncenter\"><img loading=\"lazy\" decoding=\"async\" aria-describedby=\"caption-attachment-93\" class=\"wp-image-93 size-large\" src=\"https:\/\/obserwatorium-cta.pl\/wp-content\/uploads\/2017\/10\/30329828142_3e7ef174a2_k-1024x576.jpg\" alt=\"\" width=\"840\" height=\"473\" srcset=\"https:\/\/obserwatorium-cta.pl\/wp-content\/uploads\/2017\/10\/30329828142_3e7ef174a2_k-1024x576.jpg 1024w, https:\/\/obserwatorium-cta.pl\/wp-content\/uploads\/2017\/10\/30329828142_3e7ef174a2_k-300x169.jpg 300w, https:\/\/obserwatorium-cta.pl\/wp-content\/uploads\/2017\/10\/30329828142_3e7ef174a2_k-768x432.jpg 768w, https:\/\/obserwatorium-cta.pl\/wp-content\/uploads\/2017\/10\/30329828142_3e7ef174a2_k-1200x675.jpg 1200w, https:\/\/obserwatorium-cta.pl\/wp-content\/uploads\/2017\/10\/30329828142_3e7ef174a2_k.jpg 2048w\" sizes=\"auto, (max-width: 840px) 100vw, 840px\" \/><p id=\"caption-attachment-93\" class=\"wp-caption-text\">Trzy rodzaje teleskop\u00f3w sieci Cherenkov Telescope Array. Od lewej 3 konstrukcje prototypowe ma\u0142ego teleskopu (SST), teleskop \u015bredni (MST) oraz du\u017cy teleskop (LST). Ka\u017cdy typ teleskopu pe\u0142ni unikaln\u0105 rol\u0119 dla ca\u0142ego obserwatorium.<\/p><\/div>\n","protected":false},"excerpt":{"rendered":"<p>Ma\u0142e teleskopy (SST) konstruowane s\u0105 do bada\u0144 w szerokim zakresie energii mi\u0119dzy kilka a 300 TeV. B\u0119d\u0105 one najliczniejsze i b\u0119d\u0105 rozci\u0105ga\u0107 si\u0119 w obserwatorium po\u0142udniowym na obszarze kilku kilometr\u00f3w kwadratowych. Trzy realizacje ma\u0142ego teleskopu Czerenkowa s\u0105 obecnie prototypowane i &hellip; <a href=\"https:\/\/obserwatorium-cta.pl\/?page_id=29\">Czytaj dalej <span class=\"meta-nav\">&rarr;<\/span><\/a><\/p>\n","protected":false},"author":1,"featured_media":0,"parent":0,"menu_order":0,"comment_status":"closed","ping_status":"closed","template":"","meta":{"footnotes":""},"class_list":["post-29","page","type-page","status-publish","hentry"],"_links":{"self":[{"href":"https:\/\/obserwatorium-cta.pl\/index.php?rest_route=\/wp\/v2\/pages\/29","targetHints":{"allow":["GET"]}}],"collection":[{"href":"https:\/\/obserwatorium-cta.pl\/index.php?rest_route=\/wp\/v2\/pages"}],"about":[{"href":"https:\/\/obserwatorium-cta.pl\/index.php?rest_route=\/wp\/v2\/types\/page"}],"author":[{"embeddable":true,"href":"https:\/\/obserwatorium-cta.pl\/index.php?rest_route=\/wp\/v2\/users\/1"}],"replies":[{"embeddable":true,"href":"https:\/\/obserwatorium-cta.pl\/index.php?rest_route=%2Fwp%2Fv2%2Fcomments&post=29"}],"version-history":[{"count":7,"href":"https:\/\/obserwatorium-cta.pl\/index.php?rest_route=\/wp\/v2\/pages\/29\/revisions"}],"predecessor-version":[{"id":357,"href":"https:\/\/obserwatorium-cta.pl\/index.php?rest_route=\/wp\/v2\/pages\/29\/revisions\/357"}],"wp:attachment":[{"href":"https:\/\/obserwatorium-cta.pl\/index.php?rest_route=%2Fwp%2Fv2%2Fmedia&parent=29"}],"curies":[{"name":"wp","href":"https:\/\/api.w.org\/{rel}","templated":true}]}}