{"id":290,"date":"2018-03-12T20:48:34","date_gmt":"2018-03-12T19:48:34","guid":{"rendered":"https:\/\/obserwatorium-cta.pl\/?page_id=290"},"modified":"2018-06-20T17:53:00","modified_gmt":"2018-06-20T15:53:00","slug":"cta-science-programme","status":"publish","type":"page","link":"https:\/\/obserwatorium-cta.pl\/?page_id=290&lang=en","title":{"rendered":"Development of the CTA Science Programme"},"content":{"rendered":"<p><span style=\"font-family: Courier, serif;\"><span style=\"font-size: small;\"><span style=\"color: #212121;\"><span style=\"font-family: Cambria, serif;\"><span style=\"font-size: medium;\">The researchers from the majority of scientific institutions of the Polish CTA Consortium participated in the CTA Key Science Project. The chairman of the international CTA Key Science Project Review Committee was prof. Micha\u0142 Ostrowski (Jagiellonian University). The role of the committee was to evaluate the program and develop its final characteristics.<\/span><\/span><\/span><\/span><\/span><\/p>\n<p><span style=\"font-family: Courier, serif;\"><span style=\"font-size: small;\"><span style=\"color: #212121;\"><span style=\"font-family: Cambria, serif;\"><span style=\"font-size: medium;\">In addition to prof. Ostrowski, significant participation in the program had: prof. Bronis\u0142aw Rudak (Astronomical Center of M. Kopernik, Polish Academy of Sciences), dr hab. Sabrina Casanova, dr. Micha\u0142 Dyrda (both from the Institute of Nuclear Physics PAS) and dr hab. \u0141ukasz Stawarz (Jagiellonian University). Their contribution consisted mainly in managing working groups and preparing some of the main documents and publications.<\/span><\/span><\/span><\/span><\/span><\/p>\n","protected":false},"excerpt":{"rendered":"<p>The researchers from the majority of scientific institutions of the Polish CTA Consortium participated in the CTA Key Science Project. The chairman of the international CTA Key Science Project Review Committee was prof. Micha\u0142 Ostrowski (Jagiellonian University). The role of &hellip; <a href=\"https:\/\/obserwatorium-cta.pl\/?page_id=290&#038;lang=en\">Czytaj dalej <span class=\"meta-nav\">&rarr;<\/span><\/a><\/p>\n","protected":false},"author":2,"featured_media":0,"parent":0,"menu_order":0,"comment_status":"closed","ping_status":"closed","template":"","meta":{"footnotes":""},"class_list":["post-290","page","type-page","status-publish","hentry"],"_links":{"self":[{"href":"https:\/\/obserwatorium-cta.pl\/index.php?rest_route=\/wp\/v2\/pages\/290","targetHints":{"allow":["GET"]}}],"collection":[{"href":"https:\/\/obserwatorium-cta.pl\/index.php?rest_route=\/wp\/v2\/pages"}],"about":[{"href":"https:\/\/obserwatorium-cta.pl\/index.php?rest_route=\/wp\/v2\/types\/page"}],"author":[{"embeddable":true,"href":"https:\/\/obserwatorium-cta.pl\/index.php?rest_route=\/wp\/v2\/users\/2"}],"replies":[{"embeddable":true,"href":"https:\/\/obserwatorium-cta.pl\/index.php?rest_route=%2Fwp%2Fv2%2Fcomments&post=290"}],"version-history":[{"count":3,"href":"https:\/\/obserwatorium-cta.pl\/index.php?rest_route=\/wp\/v2\/pages\/290\/revisions"}],"predecessor-version":[{"id":376,"href":"https:\/\/obserwatorium-cta.pl\/index.php?rest_route=\/wp\/v2\/pages\/290\/revisions\/376"}],"wp:attachment":[{"href":"https:\/\/obserwatorium-cta.pl\/index.php?rest_route=%2Fwp%2Fv2%2Fmedia&parent=290"}],"curies":[{"name":"wp","href":"https:\/\/api.w.org\/{rel}","templated":true}]}}