{"id":30,"date":"2017-10-19T12:29:46","date_gmt":"2017-10-19T12:29:46","guid":{"rendered":"https:\/\/obserwatorium-cta.pl\/?page_id=30"},"modified":"2018-03-12T21:14:32","modified_gmt":"2018-03-12T20:14:32","slug":"polski-udzial","status":"publish","type":"page","link":"https:\/\/obserwatorium-cta.pl\/?page_id=30","title":{"rendered":"Polski udzia\u0142"},"content":{"rendered":"<p><a href=\"https:\/\/obserwatorium-cta.pl\/?page_id=124\">Ma\u0142y teleskop Czerenkowa (SST-1M)<\/a><\/p>\n<p><a href=\"https:\/\/obserwatorium-cta.pl\/?page_id=137\">Zwierciad\u0142a kompozytowe dla \u015bredniego teleskopu (MST)<\/a><\/p>\n<p><a href=\"https:\/\/obserwatorium-cta.pl\/?page_id=275\">Oprogramowanie CTA Science Gateway<\/a><\/p>\n<p><a href=\"https:\/\/obserwatorium-cta.pl\/?page_id=280\">Inne prace<\/a><\/p>\n<p><a href=\"https:\/\/obserwatorium-cta.pl\/?page_id=287\">Opracowanie programu naukowego CTA<\/a><\/p>\n","protected":false},"excerpt":{"rendered":"<p>Ma\u0142y teleskop Czerenkowa (SST-1M) Zwierciad\u0142a kompozytowe dla \u015bredniego teleskopu (MST) Oprogramowanie CTA Science Gateway Inne prace Opracowanie programu naukowego CTA<\/p>\n","protected":false},"author":1,"featured_media":0,"parent":0,"menu_order":0,"comment_status":"closed","ping_status":"closed","template":"","meta":{"footnotes":""},"class_list":["post-30","page","type-page","status-publish","hentry"],"_links":{"self":[{"href":"https:\/\/obserwatorium-cta.pl\/index.php?rest_route=\/wp\/v2\/pages\/30","targetHints":{"allow":["GET"]}}],"collection":[{"href":"https:\/\/obserwatorium-cta.pl\/index.php?rest_route=\/wp\/v2\/pages"}],"about":[{"href":"https:\/\/obserwatorium-cta.pl\/index.php?rest_route=\/wp\/v2\/types\/page"}],"author":[{"embeddable":true,"href":"https:\/\/obserwatorium-cta.pl\/index.php?rest_route=\/wp\/v2\/users\/1"}],"replies":[{"embeddable":true,"href":"https:\/\/obserwatorium-cta.pl\/index.php?rest_route=%2Fwp%2Fv2%2Fcomments&post=30"}],"version-history":[{"count":5,"href":"https:\/\/obserwatorium-cta.pl\/index.php?rest_route=\/wp\/v2\/pages\/30\/revisions"}],"predecessor-version":[{"id":308,"href":"https:\/\/obserwatorium-cta.pl\/index.php?rest_route=\/wp\/v2\/pages\/30\/revisions\/308"}],"wp:attachment":[{"href":"https:\/\/obserwatorium-cta.pl\/index.php?rest_route=%2Fwp%2Fv2%2Fmedia&parent=30"}],"curies":[{"name":"wp","href":"https:\/\/api.w.org\/{rel}","templated":true}]}}