{"id":31,"date":"2017-10-19T12:29:46","date_gmt":"2017-10-19T12:29:46","guid":{"rendered":"https:\/\/obserwatorium-cta.pl\/?page_id=31"},"modified":"2018-03-12T21:12:55","modified_gmt":"2018-03-12T20:12:55","slug":"nauka","status":"publish","type":"page","link":"https:\/\/obserwatorium-cta.pl\/?page_id=31","title":{"rendered":"Edukacja i Media"},"content":{"rendered":"<p><strong>Dlaczego promieniowanie gamma?<\/strong><\/p>\n<p>Ilo\u015b\u0107 promieniowania elektromagnetycznego emitowanego z jednostki powierzchni przez obiekty zale\u017cy od ich temperatury. Jest go tym wi\u0119cej, im cieplejsze s\u0105 obiekty \u2013 np. powierzchnia S\u0142o\u0144ca wysy\u0142a wi\u0119cej energii, ni\u017c o 5500\u00b0C ch\u0142odniejsza od niej powierzchnia Ziemi. Gdyby\u015bmy chcieli odnale\u017a\u0107 we Wszech\u015bwiecie obiekt na tyle gor\u0105cy, by emitowa\u0142 wysokoenergetyczne (GeV-TeV) promieniowanie gamma, okaza\u0142oby si\u0119, \u017ce by\u0142by nim\u2026 sam Wszech\u015bwiat \u2013 13 miliard\u00f3w lat temu, w chwili narodzin (Wielki Wybuch).<\/p>\n<p><strong>Jak powstaje \u015bwiat\u0142o gamma (fotony promieniowania gamma)?<\/strong><\/p>\n<p>Dzisiaj promieniowanie gamma powstaje w wyniku proces\u00f3w nietermicznych, w kt\u00f3rych udzia\u0142 bior\u0105 cz\u0105stki p\u0119dz\u0105ce z pr\u0119dko\u015bci\u0105 blisk\u0105 pr\u0119dko\u015bci \u015bwiat\u0142a. Warunki takie spotkamy np. podczas eksplozji supernowych, gdy powstaje pot\u0119\u017cna fala uderzeniowa, przy\u015bpieszaj\u0105ca te cz\u0105stki w trakcie interakcji z materi\u0105 otaczaj\u0105c\u0105 eksploduj\u0105c\u0105 gwiazd\u0119.<\/p>\n<p>\u0179r\u00f3d\u0142em promieniowania gamma mog\u0105 by\u0107 te\u017c rozpady masywnych cz\u0105stek elementarnych, w tym hipotetycznych cz\u0105stek ciemnej materii oraz strun \u2013 pozosta\u0142o\u015bci po Wielkim Wybuchu. Badania promieniowania gamma pozwol\u0105 wi\u0119c pozna\u0107 zar\u00f3wno \u017cycie gwiazd w pobliskich galaktykach, jak i\u00a0\u2013 by\u0107 mo\u017ce\u00a0\u2013 rozwi\u0105za\u0107 tajemnic\u0119 ciemnej materii.<\/p>\n<p><strong>Zakres bada\u0144 naukowych prowadzonych w ramach obserwatorium CTA<\/strong><\/p>\n<h3>Promieniowanie Gamma w Drodze Mlecznej<\/h3>\n<ul>\n<li>pozosta\u0142o\u015bci po supernowych (SNRs)<\/li>\n<li>mg\u0142awice nap\u0119dzane wiatrem pulsara (PWNs)<\/li>\n<li>zjawiska fizyczne w pulsarach<\/li>\n<li>obszary powstawania gwiazd<\/li>\n<li>centrum Galaktyki<\/li>\n<li>uk\u0142ady rentgenowskie i mikrokwazary<\/li>\n<\/ul>\n<h3>Promieniowanie gamma spoza Drogi Mlecznej<\/h3>\n<ul>\n<li>aktywne j\u0105dra galaktyk (AGNs)<\/li>\n<li>galatyki kar\u0142owate<\/li>\n<li>t\u0142o pozagalaktyczne (EBL)<\/li>\n<li>b\u0142yski gamma (GRBs)<\/li>\n<li>gromady galaktyk<\/li>\n<li>pozagalaktyczne pole magnetyczne<\/li>\n<\/ul>\n<h3>Fizyka fundamentalna<\/h3>\n<ul>\n<li>ciemna materia<\/li>\n<li>kwantowa grawitacja<\/li>\n<li>na\u0142adowane cz\u0105stki elementarne (CRs)<\/li>\n<\/ul>\n<h3>Procesy fizyczne<\/h3>\n<ul>\n<li>przy\u015bpieszanie cz\u0105stki<\/li>\n<li>rozprzestrzenianie si\u0119 cz\u0105stek i promomieniowania o\u015brodku mi\u0119dzygalaktycznym<\/li>\n<li>struktury pola mi\u0119dzygalaktycznego i Galaktyki<\/li>\n<li>mechanizmy promieniowania wysokoenergetycznego<\/li>\n<\/ul>\n<h3>Przegl\u0105d nieba w \u015bwietle gamma<br \/>\nInterferometria optyczna<br \/>\nObrazowanie powierzchni gwiazdowych<\/h3>\n<p>Wi\u0119cej informacji o tych zagadnieniach mo\u017cna odnale\u017a\u0107 na angloj\u0119zycznej stronie projektu CTA [<a href=\"https:\/\/www.cta-observatory.org\/science\/study-topics\/\" target=\"_blank\" rel=\"noopener\">wi\u0119cej<\/a>].<\/p>\n","protected":false},"excerpt":{"rendered":"<p>Dlaczego promieniowanie gamma? Ilo\u015b\u0107 promieniowania elektromagnetycznego emitowanego z jednostki powierzchni przez obiekty zale\u017cy od ich temperatury. Jest go tym wi\u0119cej, im cieplejsze s\u0105 obiekty \u2013 np. powierzchnia S\u0142o\u0144ca wysy\u0142a wi\u0119cej energii, ni\u017c o 5500\u00b0C ch\u0142odniejsza od niej powierzchnia Ziemi. Gdyby\u015bmy &hellip; <a href=\"https:\/\/obserwatorium-cta.pl\/?page_id=31\">Czytaj dalej <span class=\"meta-nav\">&rarr;<\/span><\/a><\/p>\n","protected":false},"author":1,"featured_media":142,"parent":0,"menu_order":0,"comment_status":"closed","ping_status":"closed","template":"","meta":{"footnotes":""},"class_list":["post-31","page","type-page","status-publish","has-post-thumbnail","hentry"],"_links":{"self":[{"href":"https:\/\/obserwatorium-cta.pl\/index.php?rest_route=\/wp\/v2\/pages\/31","targetHints":{"allow":["GET"]}}],"collection":[{"href":"https:\/\/obserwatorium-cta.pl\/index.php?rest_route=\/wp\/v2\/pages"}],"about":[{"href":"https:\/\/obserwatorium-cta.pl\/index.php?rest_route=\/wp\/v2\/types\/page"}],"author":[{"embeddable":true,"href":"https:\/\/obserwatorium-cta.pl\/index.php?rest_route=\/wp\/v2\/users\/1"}],"replies":[{"embeddable":true,"href":"https:\/\/obserwatorium-cta.pl\/index.php?rest_route=%2Fwp%2Fv2%2Fcomments&post=31"}],"version-history":[{"count":8,"href":"https:\/\/obserwatorium-cta.pl\/index.php?rest_route=\/wp\/v2\/pages\/31\/revisions"}],"predecessor-version":[{"id":307,"href":"https:\/\/obserwatorium-cta.pl\/index.php?rest_route=\/wp\/v2\/pages\/31\/revisions\/307"}],"wp:featuredmedia":[{"embeddable":true,"href":"https:\/\/obserwatorium-cta.pl\/index.php?rest_route=\/wp\/v2\/media\/142"}],"wp:attachment":[{"href":"https:\/\/obserwatorium-cta.pl\/index.php?rest_route=%2Fwp%2Fv2%2Fmedia&parent=31"}],"curies":[{"name":"wp","href":"https:\/\/api.w.org\/{rel}","templated":true}]}}