{"id":32,"date":"2017-10-19T12:29:46","date_gmt":"2017-10-19T12:29:46","guid":{"rendered":"https:\/\/obserwatorium-cta.pl\/?page_id=32"},"modified":"2018-03-12T14:34:33","modified_gmt":"2018-03-12T13:34:33","slug":"media","status":"publish","type":"page","link":"https:\/\/obserwatorium-cta.pl\/?page_id=32","title":{"rendered":"Kontakt dla medi\u00f3w"},"content":{"rendered":"<p><strong>PR i www CTA Polska<\/strong><\/p>\n<p>prof. Agnieszka Pollo \/ dr Kamil Deresz<br \/>\ne-mail: <a href=\"mailto:cta@sciencenow.pl\">cta@sciencenow.pl<\/a><\/p>\n<p><strong>Zesp\u00f3\u0142 CTA<\/strong><\/p>\n<p>prof. dr hab. Micha\u0142 Ostrowski<br \/>\nkoordynator Polskiego Konsorcjum Projektu CTA<br \/>\nObserwatorium Astronomiczne Uniwersytetu Jagiello\u0144skiego<br \/>\ntel: +48 660 511 882<br \/>\ne-mail: <a href=\"mailto:michal.ostrowski@uj.edu.pl\">michal.ostrowski@uj.edu.pl<\/a><\/p>\n<p>dr hab. Jacek Niemiec<br \/>\nkierownik zespo\u0142u CTA w IFJ PAN<br \/>\nkoordynator prac nad teleskopem SST-1M w Polsce<br \/>\nInstytut Fizyki J\u0105drowej PAN w Krakowie<br \/>\ntel: 12 662 8292<br \/>\ne-mail: <a href=\"mailto:Jacek.Niemiec@ifj.edu.pl\">Jacek.Niemiec@ifj.edu.pl<\/a><\/p>\n","protected":false},"excerpt":{"rendered":"<p>PR i www CTA Polska prof. Agnieszka Pollo \/ dr Kamil Deresz e-mail: cta@sciencenow.pl Zesp\u00f3\u0142 CTA prof. dr hab. Micha\u0142 Ostrowski koordynator Polskiego Konsorcjum Projektu CTA Obserwatorium Astronomiczne Uniwersytetu Jagiello\u0144skiego tel: +48 660 511 882 e-mail: michal.ostrowski@uj.edu.pl dr hab. Jacek &hellip; <a href=\"https:\/\/obserwatorium-cta.pl\/?page_id=32\">Czytaj dalej <span class=\"meta-nav\">&rarr;<\/span><\/a><\/p>\n","protected":false},"author":1,"featured_media":0,"parent":31,"menu_order":0,"comment_status":"closed","ping_status":"closed","template":"","meta":{"footnotes":""},"class_list":["post-32","page","type-page","status-publish","hentry"],"_links":{"self":[{"href":"https:\/\/obserwatorium-cta.pl\/index.php?rest_route=\/wp\/v2\/pages\/32","targetHints":{"allow":["GET"]}}],"collection":[{"href":"https:\/\/obserwatorium-cta.pl\/index.php?rest_route=\/wp\/v2\/pages"}],"about":[{"href":"https:\/\/obserwatorium-cta.pl\/index.php?rest_route=\/wp\/v2\/types\/page"}],"author":[{"embeddable":true,"href":"https:\/\/obserwatorium-cta.pl\/index.php?rest_route=\/wp\/v2\/users\/1"}],"replies":[{"embeddable":true,"href":"https:\/\/obserwatorium-cta.pl\/index.php?rest_route=%2Fwp%2Fv2%2Fcomments&post=32"}],"version-history":[{"count":7,"href":"https:\/\/obserwatorium-cta.pl\/index.php?rest_route=\/wp\/v2\/pages\/32\/revisions"}],"predecessor-version":[{"id":172,"href":"https:\/\/obserwatorium-cta.pl\/index.php?rest_route=\/wp\/v2\/pages\/32\/revisions\/172"}],"up":[{"embeddable":true,"href":"https:\/\/obserwatorium-cta.pl\/index.php?rest_route=\/wp\/v2\/pages\/31"}],"wp:attachment":[{"href":"https:\/\/obserwatorium-cta.pl\/index.php?rest_route=%2Fwp%2Fv2%2Fmedia&parent=32"}],"curies":[{"name":"wp","href":"https:\/\/api.w.org\/{rel}","templated":true}]}}