{"id":501,"date":"2021-03-21T00:23:08","date_gmt":"2021-03-20T23:23:08","guid":{"rendered":"https:\/\/obserwatorium-cta.pl\/?page_id=501"},"modified":"2021-03-21T11:36:57","modified_gmt":"2021-03-21T10:36:57","slug":"deklaracja-dostepnosci","status":"publish","type":"page","link":"https:\/\/obserwatorium-cta.pl\/?page_id=501","title":{"rendered":"Deklaracja dost\u0119pno\u015bci"},"content":{"rendered":"\n<h2 class=\"wp-block-heading\"><strong>Wst\u0119p <\/strong><\/h2>\n\n\n\n<p>Strona obserwatorium-cta.pl znajduje si\u0119 na serwerach Centrum Astronomicznego im. Miko\u0142aja Kopernika Polskiej Akademii Nauk. Centrum zobowi\u0105zuje si\u0119 zapewni\u0107 dost\u0119pno\u015b\u0107 swojej strony internetowej zgodnie z  ustaw\u0105 z dnia 4 kwietnia 2019 r. o dost\u0119pno\u015bci cyfrowej stron  internetowych i aplikacji mobilnych podmiot\u00f3w publicznych. Niniejsze  o\u015bwiadczenie w sprawie dost\u0119pno\u015bci ma zastosowanie do <a href=\"https:\/\/obserwatorium-cta.pl\/\">g\u0142\u00f3wnej strony internetowej obserwatorium-cta.pl<\/a>.<\/p>\n\n\n\n<p>Data publikacji strony internetowej 2017-06-01.<\/p>\n\n\n\n<p>Strona internetowa jest cz\u0119\u015bciowo zgodna z ustaw\u0105 o \ndost\u0119pno\u015bci cyfrowej stron internetowych i aplikacji mobilnych podmiot\u00f3w\n publicznych z powodu niezgodno\u015bci lub wy\u0142\u0105cze\u0144 wymienionych poni\u017cej.<\/p>\n\n\n\n<p>Na stronie w dziale zam\u00f3wie\u0144 publicznych w og\u0142oszeniach niekt\u00f3rych \nprzetarg\u00f3w zako\u0144czonych przed 23 wrze\u015bnia 2020 roku umieszczone s\u0105 pliki\n bez warstwy tekstowej. W intranetowej cz\u0119\u015bci serwisu, dost\u0119pnej po \nzalogowaniu, przed 23 wrze\u015bnia 2019 roku zosta\u0142y umieszczone pliki bez \nwarstwy tekstowej. Niezgodno\u015bci powy\u017csze s\u0105 sukcesywnie usuwane poprzez \nudost\u0119pnianie plik\u00f3w z warstw\u0105 tekstow\u0105.<\/p>\n\n\n\n<p>Niniejsz\u0105 deklaracj\u0119 sporz\u0105dzono dnia 2020-09-22. Deklaracj\u0119 sporz\u0105dzono na podstawie samooceny przeprowadzonej przez Centrum Astronomiczne.<\/p>\n\n\n\n<p>Skr\u00f3ty klawiaturowe:&nbsp; na stronie internetowej mo\u017cna u\u017cywa\u0107 standardowych skr\u00f3t\u00f3w klawiaturowych przegl\u0105darki.<\/p>\n\n\n\n<h2 class=\"wp-block-heading\"><strong>Informacje zwrotne i dane kontaktowe<\/strong><\/h2>\n\n\n\n<p>W przypadku problem\u00f3w z dost\u0119pno\u015bci\u0105 strony internetowej prosimy o kontakt na adres poczty elektronicznej <a href=\"mailto:webmaster@camk.edu.pl\">webmaster@camk.edu.pl<\/a>.\n T\u0105 sam\u0105 drog\u0105 mo\u017cna sk\u0142ada\u0107 wnioski o udost\u0119pnienie informacji \nniedost\u0119pnej oraz sk\u0142ada\u0107 skargi na brak zapewnienia dost\u0119pno\u015bci.<\/p>\n\n\n\n<p>Ka\u017cdy ma prawo do wyst\u0105pienia z \u017c\u0105daniem \nzapewnienia dost\u0119pno\u015bci cyfrowej strony internetowej, aplikacji mobilnej\n lub jakiego\u015b ich elementu. Mo\u017cna tak\u017ce za\u017c\u0105da\u0107 udost\u0119pnienia informacji\n za pomoc\u0105 alternatywnego sposobu dost\u0119pu, na przyk\u0142ad przez odczytanie \nniedost\u0119pnego cyfrowo dokumentu, opisanie zawarto\u015bci filmu bez \naudiodeskrypcji itp. \u017b\u0105danie powinno zawiera\u0107 dane osoby zg\u0142aszaj\u0105cej \n\u017c\u0105danie, wskazanie, o kt\u00f3r\u0105 stron\u0119 internetow\u0105 lub aplikacj\u0119 mobiln\u0105 \nchodzi oraz spos\u00f3b kontaktu. Je\u017celi osoba \u017c\u0105daj\u0105ca zg\u0142asza potrzeb\u0119 \notrzymania informacji za pomoc\u0105 alternatywnego sposobu dost\u0119pu, powinna \ntak\u017ce okre\u015bli\u0107 dogodny dla niej spos\u00f3b przedstawienia tej informacji.<\/p>\n\n\n\n<p>Podmiot publiczny powinien zrealizowa\u0107 \u017c\u0105danie niezw\u0142ocznie, nie \np\u00f3\u017aniej ni\u017c w ci\u0105gu 7 dni od dnia wyst\u0105pienia z \u017c\u0105daniem.&nbsp;Je\u017celi \ndotrzymanie tego terminu nie jest mo\u017cliwe, podmiot publiczny \nniezw\u0142ocznie informuje o tym wnosz\u0105cego \u017c\u0105danie, kiedy realizacja \n\u017c\u0105dania b\u0119dzie mo\u017cliwa, przy czym termin ten nie mo\u017ce by\u0107 d\u0142u\u017cszy ni\u017c 2 \nmiesi\u0105ce od dnia wyst\u0105pienia z \u017c\u0105daniem. Je\u017celi zapewnienie dost\u0119pno\u015bci \ncyfrowej nie jest mo\u017cliwe, podmiot publiczny mo\u017ce zaproponowa\u0107 \nalternatywny spos\u00f3b dost\u0119pu do informacji.&nbsp;W przypadku, gdy podmiot \npubliczny odm\u00f3wi realizacji \u017c\u0105dania zapewnienia dost\u0119pno\u015bci lub \nalternatywnego sposobu dost\u0119pu do informacji, wnosz\u0105cy \u017c\u0105danie mo\u017cne \nz\u0142o\u017cy\u0107 skarg\u0119 w sprawie zapewniana dost\u0119pno\u015bci cyfrowej strony \ninternetowej, aplikacji mobilnej lub elementu strony internetowej, lub \naplikacji mobilnej.<\/p>\n\n\n\n<p>Po wyczerpaniu wskazanej wy\u017cej procedury mo\u017cna tak\u017ce z\u0142o\u017cy\u0107 wniosek do <a href=\"https:\/\/www.rpo.gov.pl\/content\/jak-zglosic-sie-do-rzecznika-praw-obywatelskich\">Rzecznika Praw Obywatelskich<\/a>.<\/p>\n\n\n\n<h2 class=\"wp-block-heading\">Dost\u0119pno\u015b\u0107 architektoniczna<\/h2>\n\n\n\n<p>Informacja dotycz\u0105ca dost\u0119pno\u015bci architektonicznej znajduje si\u0119 pod <a href=\"https:\/\/www.camk.edu.pl\/pl\/deklaracja-dostepnosci\/\">linkiem<\/a>.<\/p>\n","protected":false},"excerpt":{"rendered":"<p>Wst\u0119p Strona obserwatorium-cta.pl znajduje si\u0119 na serwerach Centrum Astronomicznego im. Miko\u0142aja Kopernika Polskiej Akademii Nauk. Centrum zobowi\u0105zuje si\u0119 zapewni\u0107 dost\u0119pno\u015b\u0107 swojej strony internetowej zgodnie z ustaw\u0105 z dnia 4 kwietnia 2019 r. o dost\u0119pno\u015bci cyfrowej stron internetowych i aplikacji mobilnych &hellip; <a href=\"https:\/\/obserwatorium-cta.pl\/?page_id=501\">Czytaj dalej <span class=\"meta-nav\">&rarr;<\/span><\/a><\/p>\n","protected":false},"author":4,"featured_media":0,"parent":0,"menu_order":0,"comment_status":"closed","ping_status":"closed","template":"","meta":{"footnotes":""},"class_list":["post-501","page","type-page","status-publish","hentry"],"_links":{"self":[{"href":"https:\/\/obserwatorium-cta.pl\/index.php?rest_route=\/wp\/v2\/pages\/501","targetHints":{"allow":["GET"]}}],"collection":[{"href":"https:\/\/obserwatorium-cta.pl\/index.php?rest_route=\/wp\/v2\/pages"}],"about":[{"href":"https:\/\/obserwatorium-cta.pl\/index.php?rest_route=\/wp\/v2\/types\/page"}],"author":[{"embeddable":true,"href":"https:\/\/obserwatorium-cta.pl\/index.php?rest_route=\/wp\/v2\/users\/4"}],"replies":[{"embeddable":true,"href":"https:\/\/obserwatorium-cta.pl\/index.php?rest_route=%2Fwp%2Fv2%2Fcomments&post=501"}],"version-history":[{"count":6,"href":"https:\/\/obserwatorium-cta.pl\/index.php?rest_route=\/wp\/v2\/pages\/501\/revisions"}],"predecessor-version":[{"id":510,"href":"https:\/\/obserwatorium-cta.pl\/index.php?rest_route=\/wp\/v2\/pages\/501\/revisions\/510"}],"wp:attachment":[{"href":"https:\/\/obserwatorium-cta.pl\/index.php?rest_route=%2Fwp%2Fv2%2Fmedia&parent=501"}],"curies":[{"name":"wp","href":"https:\/\/api.w.org\/{rel}","templated":true}]}}